{"id":736,"date":"2024-06-28T13:24:30","date_gmt":"2024-06-28T05:24:30","guid":{"rendered":"http:\/\/60.247.155.64:90\/?page_id=736"},"modified":"2024-10-10T11:01:45","modified_gmt":"2024-10-10T03:01:45","slug":"core","status":"publish","type":"page","link":"https:\/\/www.auto-straightener.com\/es\/core.html","title":{"rendered":"Tecnolog\u00eda b\u00e1sica"},"content":{"rendered":"<section class=\"wp-block-themepark-block-themepark-area block_layout thempark-block undefined bom50 top50\" id=\"\" style=\"padding-top:113px;height:400px;box-sizing: border-box;width: 100%;\" data-swiper-parallax=\"-700\"><div class=\"block_layout_in\" style=\"\">\n<div class=\"wp-block-column block_layout_in\">\n<h1 class=\"wp-block-heading has-text-align-center has-monte-white-color has-text-color has-bonkers-font-size\">Sistema de control de bucle cerrado<\/h1>\n\n\n\n<p class=\"has-text-align-center\">Alta precisi\u00f3n, alta eficacia,<\/p>\n\n\n\n<p class=\"has-text-align-center\">ampliamente utilizado en sistemas de control de diversos ejes, cremalleras y productos de varilla<\/p>\n\n\n\n<p class=\"has-text-align-center has-monte-white-color has-text-color has-link-color has-medium-font-size wp-elements-ae1468a8d8abf2764eab555554f475ea\"><\/p>\n<\/div>\n<\/div><div class=\"layout_badh\"><div class=\"shizhezhao\" style=\"opacity:0.25;background-color:#000000;\"><\/div><div class=\"PcOnly themepark-block_layout_ba lazyload swiper-lazy\" style=\"background-repeat:no-repeat;background-size:cover;background-position:center;\" data-background=\"https:\/\/www.auto-straightener.com\/wp-content\/uploads\/2024\/10\/\u9996\u9875\u80cc\u666f-3-1.jpg\"><\/div><div class=\"MovePnly themepark-block_layout_ba lazyload swiper-move-lazy\" style=\"background-repeat:no-repeat;background-size:cover;background-position:center;\" data-background=\"https:\/\/www.auto-straightener.com\/wp-content\/uploads\/2024\/10\/app-02.jpg\"><\/div><\/div><\/section>\n\n\n\n<section class=\"wp-block-themepark-block-themepark-imgtext thempark-block themepark_imgtext moveupd  undefined jiaocuo nohover\" style=\"padding-top:20px;\"><div class=\"themepark_imgtext_img\" style=\"\" data-swiper-parallax=\"-1800\"><img class=\"lazyload  swiper-lazy swiper-move-lazy\" style=\"max-width:152%;\" data-src=\"https:\/\/www.auto-straightener.com\/wp-content\/uploads\/2024\/07\/qiche.jpg\" alt=\"\u5168\u81ea\u52a8\u6821\u76f4\u673a\"\/><\/div><div class=\"themepark_imgtext_text\" style=\"\" data-swiper-parallax=\"-1600\">\n<div class=\"wp-block-column\">\n<div class=\"wp-block-themepark-block-themepark-xian theme_fang_out\" style=\"text-align:left;padding-top:78px;\"><div class=\"fangbox\" style=\"width:undefinedpx;\"><\/div><\/div>\n\n\n\n<div class=\"wp-block-themepark-block-themepark-wright content-super-p\" style=\"font-size:16px;line-height:28px;color:#666666;background-color:#fffffff0;padding:40px 20px;\">\n<div class=\"wp-block-column\">\n<p><\/p>\n\n\n\n<h2 class=\"wp-block-heading\" style=\"font-size:38px\">Sistema de bucle cerrado de desarrollo propio<\/h2>\n\n\n\n<p class=\"has-text-align-left has-monte-grey-color has-text-color has-link-color wp-elements-eb83799e4df31692c9eee1bc67ea9a1c\" style=\"text-transform:uppercase\"><\/p>\n\n\n\n<p>Tras a\u00f1os de investigaci\u00f3n y desarrollo, ha desarrollado un sistema de control de alta precisi\u00f3n y eficacia con derechos de propiedad intelectual independientes, que es ampliamente aplicable a diversos tipos de ejes, cremalleras y productos de varilla.<\/p>\n\n\n\n<p class=\"has-normal-font-size\">En la actualidad, los principales fabricantes internacionales de m\u00e1quinas enderezadoras, como MAE, Godabini y otros fabricantes extranjeros, utilizan sistemas de control basados en este principio de enderezamiento. Bas\u00e1ndose en la avanzada experiencia t\u00e9cnica extranjera y en combinaci\u00f3n con las caracter\u00edsticas de los productos nacionales existentes, Hangzhou Yuju Intelligent Equipment Co., Ltd. ha dedicado dos a\u00f1os a desarrollar un sistema de control de alta precisi\u00f3n y alta eficiencia con derechos de propiedad intelectual independientes, que es ampliamente aplicable a miles de ejes, cremalleras y productos de varilla.<\/p>\n<\/div>\n<\/div>\n\n\n\n<p><\/p>\n<\/div>\n<\/div><div class=\"themepark_imgtext_ba\" style=\"opacity:1;\"><\/div><\/section>\n\n\n\n<section class=\"wp-block-themepark-block-themepark-area block_layout thempark-block undefined\" id=\"\" style=\"padding-bottom:20px;padding-top:20px;\" data-swiper-parallax=\"-700\"><div class=\"block_layout_in\" style=\"\">\n<div class=\"wp-block-column block_layout_in\">\n<section class=\"wp-block-themepark-block-themepark-imgtext thempark-block themepark_imgtext padingmodle moveupd  undefined\" style=\"padding-bottom:20px;padding-top:20px;\"><div class=\"themepark_imgtext_img\" style=\"width:29%;\" data-swiper-parallax=\"-1800\"><img class=\"lazyload  swiper-lazy swiper-move-lazy\" style=\"\" data-src=\"https:\/\/www.auto-straightener.com\/wp-content\/uploads\/2024\/06\/1.jpg\" alt=\"\u5168\u81ea\u52a8\u8f6c\u5b50\u6821\u76f4\u673a\"\/><\/div><div class=\"themepark_imgtext_text\" style=\"width:68%;padding-right:40px;\" data-swiper-parallax=\"-1600\">\n<div class=\"wp-block-column\">\n<div style=\"height:75px\" aria-hidden=\"true\" class=\"wp-block-spacer\"><\/div>\n\n\n\n<p class=\"has-medium-font-size\"><\/p>\n\n\n\n<p class=\"has-black-color has-text-color has-large-font-size\"><strong>Elevada tasa de enderezamiento puntual<\/strong><\/p>\n\n\n\n<div class=\"wp-block-themepark-block-themepark-wright content-super-p\" style=\"font-size:16px;line-height:33px;padding:10px 0px;\">\n<div class=\"wp-block-column\">\n<p class=\"has-monte-blue-color has-text-color\"><\/p>\n\n\n\n<p class=\"has-monte-grey-color has-text-color\">Supervisa el estado de deformaci\u00f3n del producto en tiempo real, y capta con agudeza la deformaci\u00f3n en tiempo real del producto actual durante un proceso de correcci\u00f3n, de modo que la mayor\u00eda de los productos tienen una tasa de correcci\u00f3n superior a 90%. Mejora en gran medida la eficiencia de producci\u00f3n del producto, evita posibles da\u00f1os al producto debido a correcciones repetidas y mejora la calidad del producto.<\/p>\n\n\n\n<p><\/p>\n<\/div>\n<\/div>\n<\/div>\n<\/div><div class=\"themepark_imgtext_ba\" style=\"background-color:#ffffff;opacity:1;\"><\/div><\/section>\n\n\n\n<div style=\"height:20px\" aria-hidden=\"true\" class=\"wp-block-spacer\"><\/div>\n\n\n\n<section class=\"wp-block-themepark-block-themepark-imgtext thempark-block themepark_imgtext padingmodle leftright moveupd  undefined\" style=\"padding-bottom:20px;padding-top:20px;\"><div class=\"themepark_imgtext_img\" style=\"width:29%;\" data-swiper-parallax=\"-1800\"><img class=\"lazyload  swiper-lazy swiper-move-lazy\" style=\"\" data-src=\"https:\/\/www.auto-straightener.com\/wp-content\/uploads\/2024\/07\/700-1.jpg\" alt=\"\u4e88\u741a\u81ea\u52a8\u6821\u76f4\u673a\"\/><\/div><div class=\"themepark_imgtext_text\" style=\"width:68%;padding-left:95px;padding-right:30px;\" data-swiper-parallax=\"-1600\">\n<div class=\"wp-block-column\">\n<div style=\"height:75px\" aria-hidden=\"true\" class=\"wp-block-spacer\"><\/div>\n\n\n\n<p class=\"has-medium-font-size\"><\/p>\n\n\n\n<p class=\"has-black-color has-text-color has-large-font-size\"><strong>No es necesaria la intervenci\u00f3n manual para ajustar los par\u00e1metros<\/strong><\/p>\n\n\n\n<div class=\"wp-block-themepark-block-themepark-wright content-super-p\" style=\"font-size:16px;line-height:33px;padding:10px 0px;\">\n<div class=\"wp-block-column\">\n<p class=\"has-monte-blue-color has-text-color\"><\/p>\n\n\n\n<p class=\"has-monte-grey-color has-text-color\">El sistema adopta un sistema de control de supervisi\u00f3n en tiempo real totalmente en bucle cerrado, que no requiere ninguna intervenci\u00f3n manual durante el proceso de enderezado. Incluso si la cantidad de enderezado y la fuerza de enderezado son diferentes debido a diferencias en los propios productos, el sistema puede identificarlas y compensarlas autom\u00e1ticamente de forma sincr\u00f3nica sin intervenci\u00f3n adicional. Para las operaciones de cambio de producto, s\u00f3lo es necesario ajustar los par\u00e1metros mec\u00e1nicos b\u00e1sicos de posici\u00f3n del producto antes de que pueda llevarse a cabo el procesamiento y el enderezado, sin necesidad de ajustar manualmente ning\u00fan par\u00e1metro de carga, lo que es realmente totalmente autom\u00e1tico.<\/p>\n<\/div>\n<\/div>\n<\/div>\n<\/div><div class=\"themepark_imgtext_ba\" style=\"background-color:#ffffff;opacity:1;\"><\/div><\/section>\n\n\n\n<div style=\"height:20px\" aria-hidden=\"true\" class=\"wp-block-spacer\"><\/div>\n\n\n\n<section class=\"wp-block-themepark-block-themepark-imgtext thempark-block themepark_imgtext padingmodle moveupd  undefined\" style=\"padding-bottom:20px;padding-top:20px;\"><div class=\"themepark_imgtext_img\" style=\"width:29%;\" data-swiper-parallax=\"-1800\"><img class=\"lazyload  swiper-lazy swiper-move-lazy\" style=\"\" data-src=\"https:\/\/www.auto-straightener.com\/wp-content\/uploads\/2024\/07\/700-2.jpg\" alt=\"\u4e88\u741a\u81ea\u52a8\u6821\u76f4\u673a\"\/><\/div><div class=\"themepark_imgtext_text\" style=\"width:68%;padding-right:50px;\" data-swiper-parallax=\"-1600\">\n<div class=\"wp-block-column\">\n<div style=\"height:75px\" aria-hidden=\"true\" class=\"wp-block-spacer\"><\/div>\n\n\n\n<p class=\"has-medium-font-size\"><\/p>\n\n\n\n<p class=\"has-black-color has-text-color has-large-font-size\"><strong>Es de aplicaci\u00f3n universal y vers\u00e1til para todo tipo de ejes escalonados y piezas de forma especial.<\/strong><\/p>\n\n\n\n<div class=\"wp-block-themepark-block-themepark-wright content-super-p\" style=\"font-size:16px;line-height:33px;padding:10px 0px;\">\n<div class=\"wp-block-column\">\n<p class=\"has-monte-blue-color has-text-color\"><\/p>\n\n\n\n<p class=\"has-monte-grey-color has-text-color\">El sistema es universal y puede utilizarse para productos de diferentes di\u00e1metros, formas, materiales anis\u00f3tropos, etc., dif\u00edciles de enderezar con los equipos de enderezado tradicionales. Para cualquier producto, s\u00f3lo es necesario configurar la fijaci\u00f3n correspondiente, y el proceso de enderezado puede realizarse tras ajustar la posici\u00f3n geom\u00e9trica adecuada. No se requiere ning\u00fan ajuste manual ni intervenci\u00f3n en los par\u00e1metros de correcci\u00f3n, y puede utilizarse para cualquier producto. Un solo dispositivo puede resolver el problema de enderezar varios productos.<\/p>\n<\/div>\n<\/div>\n<\/div>\n<\/div><div class=\"themepark_imgtext_ba\" style=\"background-color:#ffffff;opacity:1;\"><\/div><\/section>\n<\/div>\n<\/div><div class=\"layout_badh\"><\/div><\/section>","protected":false},"excerpt":{"rendered":"","protected":false},"author":1,"featured_media":0,"parent":0,"menu_order":0,"comment_status":"closed","ping_status":"closed","template":"","meta":{"themepark_post_bcolor":"#f5f5f5","themepark_post_width":"100%","themepark_post_img":"","themepark_post_img_po":"left","themepark_post_img_re":false,"themepark_post_img_cover":false,"themepark_post_img_fixed":false,"themepark_post_hide_title":true,"themepark_post_main_b":"","themepark_post_main_p":100,"themepark_paddingblock":true,"footnotes":""},"class_list":["post-736","page","type-page","status-publish","hentry"],"_links":{"self":[{"href":"https:\/\/www.auto-straightener.com\/es\/wp-json\/wp\/v2\/pages\/736","targetHints":{"allow":["GET"]}}],"collection":[{"href":"https:\/\/www.auto-straightener.com\/es\/wp-json\/wp\/v2\/pages"}],"about":[{"href":"https:\/\/www.auto-straightener.com\/es\/wp-json\/wp\/v2\/types\/page"}],"author":[{"embeddable":true,"href":"https:\/\/www.auto-straightener.com\/es\/wp-json\/wp\/v2\/users\/1"}],"replies":[{"embeddable":true,"href":"https:\/\/www.auto-straightener.com\/es\/wp-json\/wp\/v2\/comments?post=736"}],"version-history":[{"count":16,"href":"https:\/\/www.auto-straightener.com\/es\/wp-json\/wp\/v2\/pages\/736\/revisions"}],"predecessor-version":[{"id":1660,"href":"https:\/\/www.auto-straightener.com\/es\/wp-json\/wp\/v2\/pages\/736\/revisions\/1660"}],"wp:attachment":[{"href":"https:\/\/www.auto-straightener.com\/es\/wp-json\/wp\/v2\/media?parent=736"}],"curies":[{"name":"wp","href":"https:\/\/api.w.org\/{rel}","templated":true}]}}