{"id":855,"date":"2024-07-05T14:41:02","date_gmt":"2024-07-05T06:41:02","guid":{"rendered":"https:\/\/www.auto-straightener.com\/?page_id=855"},"modified":"2024-08-13T15:42:13","modified_gmt":"2024-08-13T07:42:13","slug":"services","status":"publish","type":"page","link":"https:\/\/www.auto-straightener.com\/es\/services.html","title":{"rendered":"Service &amp; Support"},"content":{"rendered":"<section class=\"wp-block-themepark-block-themepark-area block_layout thempark-block undefined\" id=\"\" style=\"background-color:#666666;padding-bottom:50px;padding-top:50px;height:780px;box-sizing: border-box;width: 100%;\" data-swiper-parallax=\"-700\"><div class=\"block_layout_in\" style=\"\"><div class=\"post_in_list_head modle_title3\"><h3><span style=\"color:#ffffff;font-size:30px;\" class=\"main-title\">Proceso de personalizaci\u00f3n del servicio<\/span><span style=\"color:#ffffff;font-size:16px;\" class=\"as-title\">Enderezadora autom\u00e1tica Soluci\u00f3n integral Servicio integral<\/span><\/h3><div class=\"title_boout\"><div class=\"title_bo\" style=\"\"><\/div><\/div><font class=\"titletext\" style=\"color:#ffffff;font-size:14px;\"><span>Bas\u00e1ndonos en la filosof\u00eda empresarial centrada en el cliente, actualmente hemos establecido 3 centros mundiales de servicio posventa.<\/span><span>Ofrecemos a los clientes servicios integrales, como formaci\u00f3n de personal y puesta en marcha de equipos, <\/span><span>suministro de piezas, mantenimiento peri\u00f3dico, actualizaciones de software, reparaci\u00f3n de aver\u00edas, etc., y mejorar continuamente la calidad del servicio.<\/span><\/font><\/div>\n<div class=\"wp-block-column block_layout_in\">\n<section class=\"wp-block-themepark-block-themepark-icon thempark-block themepark_icon_list_out undefined\" id=\"nomo\" style=\"padding-bottom:20px;padding-top:20px;\"><div class=\"themepark_icon_list_in\" style=\"\"><div class=\"themepark_icon_lists iconl4 iconls2\" style=\"\"><a class=\"themepark_icon_box  picmodle\"><div class=\"themepark_icon_box_i\"><div class=\"themepark_icon_box_i_out\"><img decoding=\"async\" src=\"https:\/\/www.ihengwang.com\/wp-content\/uploads\/2023\/07\/p7.png\" alt=\"Project Communication\" style=\"width:52px;\"\/><\/div><b style=\"font-size:18px;color:#ffffff;\">Comunicaci\u00f3n de proyectos<\/b><\/div><div class=\"themepark_icon_box_d\" style=\"font-size:14px;color:#ffffff;height:70px;\"><span>Adaptaci\u00f3n\/comunicaci\u00f3n de la demanda y modificaci\u00f3n\/mejora de los detalles<\/span><\/div><\/a><a class=\"themepark_icon_box  picmodle\"><div class=\"themepark_icon_box_i\"><div class=\"themepark_icon_box_i_out\"><img decoding=\"async\" src=\"https:\/\/www.ihengwang.com\/wp-content\/uploads\/2023\/07\/fuw_ico011-1.png\" alt=\"Process evaluation\" style=\"width:52px;\"\/><\/div><b style=\"font-size:18px;color:#ffffff;\">Evaluaci\u00f3n del proceso<\/b><\/div><div class=\"themepark_icon_box_d\" style=\"font-size:14px;color:#ffffff;height:70px;\"><span>Los ingenieros t\u00e9cnicos eval\u00faan los procesos de producci\u00f3n in situ<\/span><\/div><\/a><a class=\"themepark_icon_box  picmodle\"><div class=\"themepark_icon_box_i\"><div class=\"themepark_icon_box_i_out\"><img decoding=\"async\" src=\"https:\/\/www.ihengwang.com\/wp-content\/uploads\/2023\/07\/fuw_ico021.png\" alt=\"Solution Design\" style=\"width:52px;\"\/><\/div><b style=\"font-size:18px;color:#ffffff;\">Dise\u00f1o de soluciones<\/b><\/div><div class=\"themepark_icon_box_d\" style=\"font-size:14px;color:#ffffff;height:70px;\"><span>Proporcionar soluciones de aplicaci\u00f3n de equipos de enderezado<\/span><\/div><\/a><a class=\"themepark_icon_box  picmodle\"><div class=\"themepark_icon_box_i\"><div class=\"themepark_icon_box_i_out\"><img decoding=\"async\" src=\"https:\/\/www.ihengwang.com\/wp-content\/uploads\/2023\/07\/fuw_ico031.png\" alt=\"R&amp;D and Manufacturing\" style=\"width:52px;\"\/><\/div><b style=\"font-size:18px;color:#ffffff;\">I+D y fabricaci\u00f3n<\/b><\/div><div class=\"themepark_icon_box_d\" style=\"font-size:14px;color:#ffffff;height:70px;\"><span>Proporcionarle la producci\u00f3n y el procesamiento de enderezadoras autom\u00e1ticas<\/span><\/div><\/a><a class=\"themepark_icon_box  picmodle\"><div class=\"themepark_icon_box_i\"><div class=\"themepark_icon_box_i_out\"><img decoding=\"async\" src=\"https:\/\/www.ihengwang.com\/wp-content\/uploads\/2023\/07\/fuw_ico041.png\" alt=\"Software Development\" style=\"width:52px;\"\/><\/div><b style=\"font-size:18px;color:#ffffff;\">Desarrollo de software<\/b><\/div><div class=\"themepark_icon_box_d\" style=\"font-size:14px;color:#ffffff;height:70px;\"><span>Desarrollo de software para conectar l\u00edneas de producci\u00f3n automatizadas<\/span><\/div><\/a><a class=\"themepark_icon_box  picmodle\"><div class=\"themepark_icon_box_i\"><div class=\"themepark_icon_box_i_out\"><img decoding=\"async\" src=\"https:\/\/www.ihengwang.com\/wp-content\/uploads\/2023\/07\/fuw_ico051.png\" alt=\"Technical training\" style=\"width:52px;\"\/><\/div><b style=\"font-size:18px;color:#ffffff;\">Formaci\u00f3n t\u00e9cnica<\/b><\/div><div class=\"themepark_icon_box_d\" style=\"font-size:14px;color:#ffffff;height:70px;\"><span>Impartir formaci\u00f3n sobre tecnolog\u00eda y funcionamiento de enderezadoras autom\u00e1ticas<\/span><\/div><\/a><a class=\"themepark_icon_box  picmodle\"><div class=\"themepark_icon_box_i\"><div class=\"themepark_icon_box_i_out\"><img decoding=\"async\" src=\"https:\/\/www.ihengwang.com\/wp-content\/uploads\/2023\/07\/p8.png\" alt=\"Project Delivery\" style=\"width:52px;\"\/><\/div><b style=\"font-size:18px;color:#ffffff;\">Entrega de proyectos<\/b><\/div><div class=\"themepark_icon_box_d\" style=\"font-size:14px;color:#ffffff;height:70px;\"><span>Despliegue y funcionamiento de la depuraci\u00f3n de funciones<\/span><\/div><\/a><a class=\"themepark_icon_box  picmodle\"><div class=\"themepark_icon_box_i\"><div class=\"themepark_icon_box_i_out\"><img decoding=\"async\" src=\"https:\/\/www.ihengwang.com\/wp-content\/uploads\/2023\/07\/fuw_ico061.png\" alt=\"Upgrade Optimization\" style=\"width:52px;\"\/><\/div><b style=\"font-size:18px;color:#ffffff;\">Optimizaci\u00f3n de la actualizaci\u00f3n<\/b><\/div><div class=\"themepark_icon_box_d\" style=\"font-size:14px;color:#ffffff;height:70px;\"><span>Actualizaci\u00f3n y optimizaci\u00f3n peri\u00f3dicas del sistema cerrado Yuju<\/span><\/div><\/a><\/div><\/div><\/section>\n<\/div>\n<\/div><div class=\"layout_badh\"><div class=\"PcOnly themepark-block_layout_ba lazyload swiper-lazy\" style=\"background-repeat:no-repeat;background-size:cover;background-attachment:fixed;background-position:center;\" data-background=\"https:\/\/www.ihengwang.com\/wp-content\/uploads\/2023\/07\/dingzhibeijing.jpg\"><\/div><div class=\"MovePnly themepark-block_layout_ba lazyload swiper-move-lazy\" style=\"background-repeat:no-repeat;background-size:cover;background-attachment:fixed;background-position:center;\" data-background=\"https:\/\/www.ihengwang.com\/wp-content\/uploads\/2023\/07\/768dingzhi.jpg\"><\/div><\/div><\/section>\n\n\n\n<section class=\"wp-block-themepark-block-themepark-area block_layout thempark-block undefined\" id=\"\" style=\"\" data-swiper-parallax=\"-700\"><div class=\"block_layout_in\" style=\"\">\n<div class=\"wp-block-column block_layout_in\">\n<section class=\"wp-block-themepark-block-themepark-area block_layout thempark-block undefined\" id=\"\" style=\"padding-bottom:20px;padding-top:20px;\" data-swiper-parallax=\"-700\"><div class=\"block_layout_in\" style=\"\">\n<div class=\"wp-block-column block_layout_in\">\n<h2 class=\"wp-block-heading has-text-align-center\" style=\"font-size:30px\"><strong>Nuestra red de servicios<\/strong><\/h2>\n\n\n\n<p class=\"has-text-align-center\"><\/p>\n\n\n\n<p><\/p>\n\n\n\n<div style=\"height:20px\" aria-hidden=\"true\" class=\"wp-block-spacer\"><\/div>\n\n\n\n<section class=\"wp-block-themepark-block-themepark-imgtext thempark-block themepark_imgtext padingmodle leftright moveupd  undefined\" style=\"padding-bottom:20px;padding-top:40px;\"><div class=\"themepark_imgtext_img\" style=\"width:46%;\" data-swiper-parallax=\"-1800\"><img class=\"lazyload  swiper-lazy swiper-move-lazy\" style=\"\" data-src=\"https:\/\/www.ihengwang.com\/wp-content\/uploads\/2023\/07\/\u56fd\u9645\u5e02\u573a.png\" alt=\"\u56fd\u9645\u5e02\u573a\"\/><\/div><div class=\"themepark_imgtext_text\" style=\"width:51%;padding-left:40px;padding-right:20px;\" data-swiper-parallax=\"-1600\">\n<div class=\"wp-block-column\">\n<p class=\"has-black-color has-text-color has-medium-font-size\"><strong>Mercado internacional<\/strong><\/p>\n\n\n\n<div class=\"wp-block-themepark-block-themepark-wright content-super-p\" style=\"font-size:16px;line-height:33px;padding:10px 0px;\">\n<div class=\"wp-block-column\">\n<p>Como filial de la empresa que cotiza en bolsa Jizhi Group (c\u00f3digo burs\u00e1til: 300553), las enderezadoras Hangzhou Yuju y las equilibradoras din\u00e1micas Jizhi se han vendido a m\u00e1s de diez pa\u00edses, como Estados Unidos, M\u00e9xico, Brasil, Argentina, Alemania, Rep\u00fablica Checa, Hungr\u00eda, Turqu\u00eda, Corea del Sur, Vietnam, India, etc. Se ha convertido en el proveedor preferido de famosas m\u00e1quinas enderezadoras autom\u00e1ticas en el pa\u00eds y en el extranjero.<\/p>\n\n\n\n<p><strong>Planificaci\u00f3n de la visi\u00f3n<\/strong><\/p>\n\n\n\n<p><\/p>\n\n\n\n<p>Oficina en Vietnam<\/p>\n\n\n\n<p>Centro de I+D de Stuttgart (Alemania)<\/p>\n\n\n\n<p>F\u00e1brica de Pune (India)<\/p>\n<\/div>\n<\/div>\n<\/div>\n<\/div><div class=\"themepark_imgtext_ba\" style=\"background-color:#ffffff;opacity:1;\"><\/div><\/section>\n\n\n\n<div style=\"height:20px\" aria-hidden=\"true\" class=\"wp-block-spacer\"><\/div>\n<\/div>\n<\/div><div class=\"layout_badh\"><\/div><\/section>\n<\/div>\n<\/div><div class=\"layout_badh\"><\/div><\/section>","protected":false},"excerpt":{"rendered":"","protected":false},"author":1,"featured_media":0,"parent":0,"menu_order":0,"comment_status":"closed","ping_status":"closed","template":"","meta":{"themepark_post_bcolor":"#f5f5f5","themepark_post_width":"100%","themepark_post_img":"","themepark_post_img_po":"left","themepark_post_img_re":false,"themepark_post_img_cover":false,"themepark_post_img_fixed":false,"themepark_post_hide_title":true,"themepark_post_main_b":"","themepark_post_main_p":100,"themepark_paddingblock":true,"footnotes":""},"class_list":["post-855","page","type-page","status-publish","hentry"],"_links":{"self":[{"href":"https:\/\/www.auto-straightener.com\/es\/wp-json\/wp\/v2\/pages\/855","targetHints":{"allow":["GET"]}}],"collection":[{"href":"https:\/\/www.auto-straightener.com\/es\/wp-json\/wp\/v2\/pages"}],"about":[{"href":"https:\/\/www.auto-straightener.com\/es\/wp-json\/wp\/v2\/types\/page"}],"author":[{"embeddable":true,"href":"https:\/\/www.auto-straightener.com\/es\/wp-json\/wp\/v2\/users\/1"}],"replies":[{"embeddable":true,"href":"https:\/\/www.auto-straightener.com\/es\/wp-json\/wp\/v2\/comments?post=855"}],"version-history":[{"count":7,"href":"https:\/\/www.auto-straightener.com\/es\/wp-json\/wp\/v2\/pages\/855\/revisions"}],"predecessor-version":[{"id":1279,"href":"https:\/\/www.auto-straightener.com\/es\/wp-json\/wp\/v2\/pages\/855\/revisions\/1279"}],"wp:attachment":[{"href":"https:\/\/www.auto-straightener.com\/es\/wp-json\/wp\/v2\/media?parent=855"}],"curies":[{"name":"wp","href":"https:\/\/api.w.org\/{rel}","templated":true}]}}