{"id":354,"date":"2024-05-21T14:38:34","date_gmt":"2024-05-21T06:38:34","guid":{"rendered":"http:\/\/themetest3.local\/?page_id=354"},"modified":"2024-10-10T11:02:31","modified_gmt":"2024-10-10T03:02:31","slug":"application","status":"publish","type":"page","link":"https:\/\/www.auto-straightener.com\/fr\/application.html","title":{"rendered":"Nos applications"},"content":{"rendered":"<section class=\"wp-block-themepark-block-themepark-area block_layout thempark-block undefined bom50 top50\" id=\"\" style=\"padding-top:113px;height:400px;box-sizing: border-box;width: 100%;\" data-swiper-parallax=\"-700\"><div class=\"block_layout_in\" style=\"\">\n<div class=\"wp-block-column block_layout_in\">\n<h1 class=\"wp-block-heading has-monte-white-color has-text-color has-bonkers-font-size\"><\/h1>\n\n\n\n<p><\/p>\n\n\n\n<p class=\"has-monte-white-color has-text-color has-link-color has-medium-font-size wp-elements-81a599225ecc1d9ac102730246318eac\"><\/p>\n<\/div>\n<\/div><div class=\"layout_badh\"><div class=\"shizhezhao\" style=\"opacity:0.25;background-color:#000000;\"><\/div><div class=\"PcOnly themepark-block_layout_ba lazyload swiper-lazy\" style=\"background-repeat:no-repeat;background-size:cover;background-position:center;\" data-background=\"https:\/\/www.auto-straightener.com\/wp-content\/uploads\/2024\/10\/banner-03.jpg\"><\/div><div class=\"MovePnly themepark-block_layout_ba lazyload swiper-move-lazy\" style=\"background-repeat:no-repeat;background-size:cover;background-position:center;\" data-background=\"https:\/\/www.auto-straightener.com\/wp-content\/uploads\/2024\/10\/app-02.jpg\"><\/div><\/div><\/section>\n\n\n\n<section class=\"wp-block-themepark-block-themepark-area block_layout thempark-block undefined\" id=\"\" style=\"padding-bottom:30px;padding-top:40px;\" data-swiper-parallax=\"-700\"><div class=\"block_layout_in\" style=\"\">\n<div class=\"wp-block-column block_layout_in\">\n<section class=\"wp-block-themepark-block-themepark-imgtext thempark-block themepark_imgtext updonwmodle leftright undefined\" style=\"\"><div class=\"themepark_imgtext_text\" style=\"\" data-swiper-parallax=\"-1600\">\n<div class=\"wp-block-column\">\n<div class=\"wp-block-themepark-block-themepark-wright content-super-p\" style=\"font-size:16px;line-height:41px;padding:10px 8px;\">\n<div class=\"wp-block-column\">\n<h1 class=\"wp-block-heading has-text-align-center has-bonkers-font-size\" id=\"homemd1\" style=\"text-transform:uppercase\">Notre candidature <\/h1>\n\n\n\n<div class=\"wp-block-themepark-block-themepark-xian theme_fang_out\" style=\"text-align:center;\"><div class=\"fangbox\" style=\"width:95px;height:11px;background-color:#0693e3;\"><\/div><\/div>\n<\/div>\n<\/div>\n\n\n\n<p><\/p>\n\n\n\n<div class=\"wp-block-themepark-block-themepark-wright content-super-p\" style=\"font-size:16px;line-height:32px; border:3px #f1f1f1 dashed;padding:20px 20px;\">\n<div class=\"wp-block-column\">\n<p class=\"has-text-align-left has-medium-font-size\"><strong>Principe de fonctionnement de la machine \u00e0 redresser automatique\uff1a<\/strong><\/p>\n\n\n\n<p>La machine \u00e0 redresser automatique est un \u00e9quipement de d\u00e9tection et de redressement automatique con\u00e7u pour la d\u00e9formation par flexion des produits en forme d'arbre apr\u00e8s le traitement thermique. Il s'agit d'un produit de haute technologie int\u00e9grant des mesures, des contr\u00f4les et des analyses m\u00e9caniques, \u00e9lectriques, hydrauliques, pneumatiques et informatiques. Il poss\u00e8de d'excellentes performances techniques, qui se concentrent sur les avantages d'une grande pr\u00e9cision de mesure, d'un cycle de production rapide et d'une forte adaptabilit\u00e9 aux pi\u00e8ces \u00e0 usiner. Il peut mesurer avec pr\u00e9cision le battement radial des sections circulaires pures, des sections de type D et des cercles primitifs des engrenages ou des cannelures des pi\u00e8ces d'arbre.<\/p>\n\n\n\n<p><\/p>\n\n\n\n<p class=\"has-medium-font-size\"><strong>Le champ d'application de la machine \u00e0 redresser est vaste et comprend principalement les aspects suivants :<\/strong><\/p>\n\n\n\n<p><strong>Industrie de transformation des produits m\u00e9talliques<\/strong>\uff1aLes machines \u00e0 redresser sont largement utilis\u00e9es dans les industries de transformation des t\u00f4les, des tuyaux, des fils, des barres et autres, et peuvent redresser des produits m\u00e9talliques de diff\u00e9rents mat\u00e9riaux et sp\u00e9cifications ;<br><strong>Industrie de fabrication de pi\u00e8ces automobiles :<\/strong> Dans le processus de fabrication automobile, la machine \u00e0 redresser peut \u00eatre utilis\u00e9e pour redresser les vilebrequins, les arbres \u00e0 cames et d'autres pi\u00e8ces du moteur ;<br><strong>Industrie des pi\u00e8ces de transmission :<\/strong> Dans l'industrie des pi\u00e8ces de transmission, les machines \u00e0 redresser peuvent \u00eatre utilis\u00e9es pour redresser les rails de guidage, les tiges de guidage et d'autres composants afin de garantir la rectitude et la stabilit\u00e9 de fonctionnement du m\u00e9canisme de transmission\uff1b.<br><strong>Industrie a\u00e9rospatiale<\/strong>\uff1aDans l'industrie a\u00e9rospatiale, les machines \u00e0 redresser peuvent \u00eatre utilis\u00e9es pour redresser des produits de haute pr\u00e9cision tels que des moteurs d'avion et des pi\u00e8ces de vaisseaux spatiaux afin de garantir leur qualit\u00e9 et leur pr\u00e9cision.<\/p>\n\n\n\n<p>Que vous cherchiez \u00e0 am\u00e9liorer l'efficacit\u00e9 de la production, \u00e0 r\u00e9duire les co\u00fbts de main-d'\u0153uvre ou \u00e0 augmenter la qualit\u00e9 de la fabrication, nous avons les solutions de robots industriels intelligents qu'il vous faut. Choisissez-nous, choisissez un avenir prosp\u00e8re.<\/p>\n\n\n\n<p class=\"has-text-align-left has-medium-font-size\"><strong>Avantages de la machine \u00e0 redresser automatique Yuju :<\/strong><\/p>\n\n\n\n<p>Par rapport \u00e0 la m\u00e9thode traditionnelle de redressage manuel, la machine \u00e0 redresser pr\u00e9sente les avantages suivants :<\/p>\n\n\n\n<ul class=\"wp-block-list\">\n<li>\u00c9conomie de main-d'\u0153uvre : l'utilisation d'une machine \u00e0 redresser permet d'\u00e9conomiser beaucoup de co\u00fbts de main-d'\u0153uvre et d'am\u00e9liorer l'efficacit\u00e9 de la production.<\/li>\n\n\n\n<li>Haut degr\u00e9 d'automatisation : le redressage m\u00e9canis\u00e9 et automatis\u00e9 peut am\u00e9liorer consid\u00e9rablement l'efficacit\u00e9 du redressage ;<\/li>\n\n\n\n<li>Haute pr\u00e9cision : la machine \u00e0 redresser est command\u00e9e par un syst\u00e8me de contr\u00f4le num\u00e9rique, qui peut localiser et ajuster avec pr\u00e9cision l'angle de redressement et la courbure des mat\u00e9riaux m\u00e9talliques ;<\/li>\n<\/ul>\n\n\n\n<p><\/p>\n<\/div>\n<\/div>\n<\/div>\n<\/div><div class=\"themepark_imgtext_img\" style=\"\" data-swiper-parallax=\"-1800\"><\/div><div class=\"themepark_imgtext_ba\" style=\"opacity:1;\"><\/div><\/section>\n<\/div>\n<\/div><div class=\"layout_badh\"><div class=\"shizhezhao\" style=\"opacity:0.92;background-color:#ffffff;\"><\/div><div class=\"PcOnly themepark-block_layout_ba lazyload swiper-lazy\" style=\"background-repeat:no-repeat;background-size:cover;background-attachment:fixed;background-position:center;\" data-background=\"http:\/\/data.themepark.com.cn\/2021\/n\/smartenterprise_data\/qy20\/uploads\/2023\/10\/wh1.jpg\"><\/div><div class=\"MovePnly themepark-block_layout_ba lazyload swiper-move-lazy\" style=\"background-repeat:no-repeat;background-size:cover;background-attachment:fixed;background-position:center;\" data-background=\"http:\/\/data.themepark.com.cn\/2021\/n\/smartenterprise_data\/qy20\/uploads\/2023\/10\/wh1.jpg\"><\/div><\/div><\/section>\n\n\n\n<section class=\"wp-block-themepark-block-themepark-area block_layout thempark-block undefined\" id=\"\" style=\"padding-bottom:26px;padding-top:20px;\" data-swiper-parallax=\"-700\"><div class=\"block_layout_in\" style=\"\">\n<div class=\"wp-block-column block_layout_in\">\n<section class=\"wp-block-themepark-block-themepark-icon thempark-block themepark_icon_list_out undefined\" id=\"nomo\" style=\"padding-bottom:20px;padding-top:20px;\"><div class=\"themepark_icon_list_in\" style=\"\"><div class=\"post_in_list_head modle_title2\"><h3><span style=\"color:#333333;font-size:31px;\" class=\"main-title\">Nos applications<\/span><span style=\"font-size:14px;\" class=\"as-title\"><\/span><\/h3><div class=\"title_boout\"><div class=\"title_bo\" style=\"border-bottom:5px solid #172a88;\"><\/div><\/div><font class=\"titletext\" style=\"font-size:14px;\"><span>Principalement utilis\u00e9 dans l'industrie de transformation des produits m\u00e9talliques, dans l'industrie des pi\u00e8ces automobiles, des pi\u00e8ces de transmission et dans l'industrie a\u00e9rospatiale.<\/span><\/font><\/div><div class=\"themepark_icon_lists iconl5 iconls2\" style=\"\"><a class=\"themepark_icon_box bhclas  picmodle\" href=\"https:\/\/www.auto-straightener.com\/fr\/application.html\/\" style=\"\"><div class=\"themepark_icon_box_i\"><div class=\"themepark_icon_box_i_out\"><img decoding=\"async\" src=\"https:\/\/www.auto-straightener.com\/wp-content\/uploads\/2024\/06\/\u6c7d\u8f66.jpg\" alt=\"For Automotive\" style=\"width:265px;\"\/><\/div><b style=\"font-size:16px;color:#040404;\">Pour l'automobile<\/b><\/div><div class=\"themepark_icon_box_d\" style=\"font-size:12px;color:#666666;height:65px;\"><span>Tige de support de l'arbre de transmission<\/span><span>Arbre d'entra\u00eenement tige de direction<\/span><span>Vis d'orientation de l'arbre \u00e0 cames<\/span><span><\/span><\/div><div class=\"themepark_icon_box_bac\" style=\"background:#ffffff;opacity:0.85;\"><\/div><\/a><a class=\"themepark_icon_box bhclas  picmodle\" href=\"https:\/\/www.auto-straightener.com\/fr\/application.html\/\" style=\"\"><div class=\"themepark_icon_box_i\"><div class=\"themepark_icon_box_i_out\"><img decoding=\"async\" src=\"https:\/\/www.auto-straightener.com\/wp-content\/uploads\/2024\/06\/\u822a\u7a7a\u822a\u5929.jpg\" alt=\"For Aerospace\" style=\"width:265px;\"\/><\/div><b style=\"font-size:16px;color:#040404;\">Pour l'a\u00e9rospatiale<\/b><\/div><div class=\"themepark_icon_box_d\" style=\"font-size:12px;color:#666666;height:65px;\"><span>Tubes en alliage<\/span><span>Pi\u00e8ces en alliage<\/span><\/div><div class=\"themepark_icon_box_bac\" style=\"background:#ffffff;opacity:0.85;\"><\/div><\/a><a class=\"themepark_icon_box bhclas  picmodle\" href=\"https:\/\/www.auto-straightener.com\/fr\/application.html\/\" style=\"\"><div class=\"themepark_icon_box_i\"><div class=\"themepark_icon_box_i_out\"><img decoding=\"async\" src=\"https:\/\/www.auto-straightener.com\/wp-content\/uploads\/2024\/06\/\u8239\u8236.jpg\" alt=\"For Ships\" style=\"width:265px;\"\/><\/div><b style=\"font-size:16px;color:#040404;\">Pour les navires<\/b><\/div><div class=\"themepark_icon_box_d\" style=\"font-size:12px;color:#666666;height:65px;\"><span>Arbre d'engrenage droit<\/span><span>Arbre de transmission \u00e0 plusieurs \u00e9tages<\/span><span>Arbre \u00e0 engrenage conique<\/span><\/div><div class=\"themepark_icon_box_bac\" style=\"background:#ffffff;opacity:0.85;\"><\/div><\/a><a class=\"themepark_icon_box bhclas  picmodle\" href=\"https:\/\/www.auto-straightener.com\/fr\/application.html\/\" style=\"\"><div class=\"themepark_icon_box_i\"><div class=\"themepark_icon_box_i_out\"><img decoding=\"async\" src=\"https:\/\/www.auto-straightener.com\/wp-content\/uploads\/2024\/06\/\u8f68\u9053\u4ea4\u901a.jpg\" alt=\"For Rail Transit\" style=\"width:265px;\"\/><\/div><b style=\"font-size:16px;color:#040404;\">Pour le transport ferroviaire<\/b><\/div><div class=\"themepark_icon_box_d\" style=\"font-size:12px;color:#666666;height:65px;\"><span>Essieux<\/span><span>Rails de train<\/span><span><\/span><\/div><div class=\"themepark_icon_box_bac\" style=\"background:#ffffff;opacity:0.85;\"><\/div><\/a><a class=\"themepark_icon_box bhclas  picmodle\" href=\"https:\/\/www.auto-straightener.com\/fr\/application.html\/\" style=\"\"><div class=\"themepark_icon_box_i\"><div class=\"themepark_icon_box_i_out\"><img decoding=\"async\" src=\"https:\/\/www.auto-straightener.com\/wp-content\/uploads\/2024\/06\/\u7535\u52a8\u5de5\u5177.jpg\" alt=\"For Power tools \" style=\"width:265px;\"\/><\/div><b style=\"font-size:16px;color:#040404;\">Pour les outils \u00e9lectriques <\/b><\/div><div class=\"themepark_icon_box_d\" style=\"font-size:12px;color:#666666;height:65px;\"><span>Arbre d'entra\u00eenement \u00e9lectrique<\/span><span>Arbre du rotor<\/span><span>Foret<\/span><\/div><div class=\"themepark_icon_box_bac\" style=\"background:#ffffff;opacity:0.85;\"><\/div><\/a><a class=\"themepark_icon_box bhclas  picmodle\" href=\"https:\/\/www.auto-straightener.com\/fr\/application.html\/\" style=\"\"><div class=\"themepark_icon_box_i\"><div class=\"themepark_icon_box_i_out\"><img decoding=\"async\" src=\"https:\/\/www.auto-straightener.com\/wp-content\/uploads\/2024\/06\/\u7eba\u7ec7\u673a\u68b0.jpg\" alt=\"For Textile industry\" style=\"width:265px;\"\/><\/div><b style=\"font-size:16px;color:#040404;\">Pour l'industrie textile<\/b><\/div><div class=\"themepark_icon_box_d\" style=\"font-size:12px;color:#666666;height:65px;\"><span>Broche \u00e0 rouleaux <\/span><span>Broche \u00e0 mandrin <\/span><span><\/span><\/div><div class=\"themepark_icon_box_bac\" style=\"background:#ffffff;opacity:0.85;\"><\/div><\/a><a class=\"themepark_icon_box bhclas  picmodle\" href=\"https:\/\/www.auto-straightener.com\/fr\/application.html\/\" style=\"\"><div class=\"themepark_icon_box_i\"><div class=\"themepark_icon_box_i_out\"><img decoding=\"async\" src=\"https:\/\/www.auto-straightener.com\/wp-content\/uploads\/2024\/06\/\u5316\u5de5\u9886\u57df.jpg\" alt=\"For Petrochemical \" style=\"width:265px;\"\/><\/div><b style=\"font-size:16px;color:#040404;\">Pour la p\u00e9trochimie <\/b><\/div><div class=\"themepark_icon_box_d\" style=\"font-size:12px;color:#666666;height:65px;\"><span>Tige filet\u00e9e<\/span><span>Outil de forage<\/span><span>Tige d'aspiration<\/span><\/div><div class=\"themepark_icon_box_bac\" style=\"background:#ffffff;opacity:0.85;\"><\/div><\/a><a class=\"themepark_icon_box bhclas  picmodle\" href=\"https:\/\/www.auto-straightener.com\/fr\/application.html\/\" style=\"\"><div class=\"themepark_icon_box_i\"><div class=\"themepark_icon_box_i_out\"><img decoding=\"async\" src=\"https:\/\/www.auto-straightener.com\/wp-content\/uploads\/2024\/06\/\u5de5\u7a0b\u673a\u68b0.jpg\" alt=\"For Machinery field\" style=\"width:265px;\"\/><\/div><b style=\"font-size:16px;color:#040404;\">Pour le domaine des machines<\/b><\/div><div class=\"themepark_icon_box_d\" style=\"font-size:12px;color:#666666;height:65px;\"><span>Arbre de transmission<\/span><span>Corps de cylindre<\/span><span>Tige de piston<\/span><span><\/span><\/div><div class=\"themepark_icon_box_bac\" style=\"background:#ffffff;opacity:0.85;\"><\/div><\/a><a class=\"themepark_icon_box bhclas  picmodle\" href=\"https:\/\/www.auto-straightener.com\/fr\/application.html\/\" style=\"\"><div class=\"themepark_icon_box_i\"><div class=\"themepark_icon_box_i_out\"><img decoding=\"async\" src=\"https:\/\/www.auto-straightener.com\/wp-content\/uploads\/2024\/06\/\u4f20\u52a8\u673a\u68b0\u9886\u57df.jpg\" alt=\"For Transmission \" style=\"width:265px;\"\/><\/div><b style=\"font-size:16px;color:#040404;\">Pour la transmission <\/b><\/div><div class=\"themepark_icon_box_d\" style=\"font-size:12px;color:#666666;height:65px;\"><span>Rail de guidage<\/span><span>Tige filet\u00e9e<\/span><span>Support<\/span><\/div><div class=\"themepark_icon_box_bac\" style=\"background:#ffffff;opacity:0.85;\"><\/div><\/a><a class=\"themepark_icon_box bhclas  picmodle\" href=\"https:\/\/www.auto-straightener.com\/fr\/application.html\/\" style=\"\"><div class=\"themepark_icon_box_i\"><div class=\"themepark_icon_box_i_out\"><img decoding=\"async\" src=\"https:\/\/www.auto-straightener.com\/wp-content\/uploads\/2024\/06\/\u519b\u5de5\u4fdd\u969c.jpg\" alt=\"Other fields\" style=\"width:265px;\"\/><\/div><b style=\"font-size:16px;color:#040404;\">Autres domaines<\/b><\/div><div class=\"themepark_icon_box_d\" style=\"font-size:12px;color:#666666;height:65px;\"><span>Canon de fusil<\/span><span>Canon<\/span><\/div><div class=\"themepark_icon_box_bac\" style=\"background:#ffffff;opacity:0.85;\"><\/div><\/a><\/div><\/div><\/section>\n<\/div>\n<\/div><div class=\"layout_badh\"><\/div><\/section>","protected":false},"excerpt":{"rendered":"","protected":false},"author":1,"featured_media":0,"parent":0,"menu_order":0,"comment_status":"closed","ping_status":"closed","template":"","meta":{"themepark_post_bcolor":"#f5f5f5","themepark_post_width":"100% dong","themepark_post_img":"","themepark_post_img_po":"left","themepark_post_img_re":false,"themepark_post_img_cover":false,"themepark_post_img_fixed":false,"themepark_post_hide_title":true,"themepark_post_main_b":"","themepark_post_main_p":100,"themepark_paddingblock":true,"footnotes":""},"class_list":["post-354","page","type-page","status-publish","hentry"],"_links":{"self":[{"href":"https:\/\/www.auto-straightener.com\/fr\/wp-json\/wp\/v2\/pages\/354","targetHints":{"allow":["GET"]}}],"collection":[{"href":"https:\/\/www.auto-straightener.com\/fr\/wp-json\/wp\/v2\/pages"}],"about":[{"href":"https:\/\/www.auto-straightener.com\/fr\/wp-json\/wp\/v2\/types\/page"}],"author":[{"embeddable":true,"href":"https:\/\/www.auto-straightener.com\/fr\/wp-json\/wp\/v2\/users\/1"}],"replies":[{"embeddable":true,"href":"https:\/\/www.auto-straightener.com\/fr\/wp-json\/wp\/v2\/comments?post=354"}],"version-history":[{"count":21,"href":"https:\/\/www.auto-straightener.com\/fr\/wp-json\/wp\/v2\/pages\/354\/revisions"}],"predecessor-version":[{"id":1663,"href":"https:\/\/www.auto-straightener.com\/fr\/wp-json\/wp\/v2\/pages\/354\/revisions\/1663"}],"wp:attachment":[{"href":"https:\/\/www.auto-straightener.com\/fr\/wp-json\/wp\/v2\/media?parent=354"}],"curies":[{"name":"wp","href":"https:\/\/api.w.org\/{rel}","templated":true}]}}