{"id":855,"date":"2024-07-05T14:41:02","date_gmt":"2024-07-05T06:41:02","guid":{"rendered":"https:\/\/www.auto-straightener.com\/?page_id=855"},"modified":"2024-08-13T15:42:13","modified_gmt":"2024-08-13T07:42:13","slug":"services","status":"publish","type":"page","link":"https:\/\/www.auto-straightener.com\/fr\/services.html","title":{"rendered":"Service et assistance"},"content":{"rendered":"<section class=\"wp-block-themepark-block-themepark-area block_layout thempark-block undefined\" id=\"\" style=\"background-color:#666666;padding-bottom:50px;padding-top:50px;height:780px;box-sizing: border-box;width: 100%;\" data-swiper-parallax=\"-700\"><div class=\"block_layout_in\" style=\"\"><div class=\"post_in_list_head modle_title3\"><h3><span style=\"color:#ffffff;font-size:30px;\" class=\"main-title\">Processus de personnalisation des services<\/span><span style=\"color:#ffffff;font-size:16px;\" class=\"as-title\">Machine \u00e0 redresser automatique solution compl\u00e8te service \u00e0 guichet unique<\/span><\/h3><div class=\"title_boout\"><div class=\"title_bo\" style=\"\"><\/div><\/div><font class=\"titletext\" style=\"color:#ffffff;font-size:14px;\"><span>Sur la base de la philosophie d'entreprise centr\u00e9e sur le client, nous avons actuellement \u00e9tabli trois centres de service apr\u00e8s-vente au niveau mondial.<\/span><span>Nous fournissons \u00e0 nos clients des services complets tels que la formation du personnel et la mise en service des \u00e9quipements, <\/span><span>la fourniture de pi\u00e8ces d\u00e9tach\u00e9es, l'entretien r\u00e9gulier, la mise \u00e0 jour des logiciels, la r\u00e9paration des pannes, etc. et l'am\u00e9lioration continue de la qualit\u00e9 du service.<\/span><\/font><\/div>\n<div class=\"wp-block-column block_layout_in\">\n<section class=\"wp-block-themepark-block-themepark-icon thempark-block themepark_icon_list_out undefined\" id=\"nomo\" style=\"padding-bottom:20px;padding-top:20px;\"><div class=\"themepark_icon_list_in\" style=\"\"><div class=\"themepark_icon_lists iconl4 iconls2\" style=\"\"><a class=\"themepark_icon_box  picmodle\"><div class=\"themepark_icon_box_i\"><div class=\"themepark_icon_box_i_out\"><img decoding=\"async\" src=\"https:\/\/www.ihengwang.com\/wp-content\/uploads\/2023\/07\/p7.png\" alt=\"Project Communication\" style=\"width:52px;\"\/><\/div><b style=\"font-size:18px;color:#ffffff;\">Communication sur les projets<\/b><\/div><div class=\"themepark_icon_box_d\" style=\"font-size:14px;color:#ffffff;height:70px;\"><span>Adaptation de la demande\/communication et modification\/am\u00e9lioration des d\u00e9tails<\/span><\/div><\/a><a class=\"themepark_icon_box  picmodle\"><div class=\"themepark_icon_box_i\"><div class=\"themepark_icon_box_i_out\"><img decoding=\"async\" src=\"https:\/\/www.ihengwang.com\/wp-content\/uploads\/2023\/07\/fuw_ico011-1.png\" alt=\"Process evaluation\" style=\"width:52px;\"\/><\/div><b style=\"font-size:18px;color:#ffffff;\">\u00c9valuation du processus<\/b><\/div><div class=\"themepark_icon_box_d\" style=\"font-size:14px;color:#ffffff;height:70px;\"><span>Les ing\u00e9nieurs techniques \u00e9valuent les processus de production sur place<\/span><\/div><\/a><a class=\"themepark_icon_box  picmodle\"><div class=\"themepark_icon_box_i\"><div class=\"themepark_icon_box_i_out\"><img decoding=\"async\" src=\"https:\/\/www.ihengwang.com\/wp-content\/uploads\/2023\/07\/fuw_ico021.png\" alt=\"Solution Design\" style=\"width:52px;\"\/><\/div><b style=\"font-size:18px;color:#ffffff;\">Conception de solutions<\/b><\/div><div class=\"themepark_icon_box_d\" style=\"font-size:14px;color:#ffffff;height:70px;\"><span>Fournir des solutions d'application pour les \u00e9quipements de redressement<\/span><\/div><\/a><a class=\"themepark_icon_box  picmodle\"><div class=\"themepark_icon_box_i\"><div class=\"themepark_icon_box_i_out\"><img decoding=\"async\" src=\"https:\/\/www.ihengwang.com\/wp-content\/uploads\/2023\/07\/fuw_ico031.png\" alt=\"R&amp;D and Manufacturing\" style=\"width:52px;\"\/><\/div><b style=\"font-size:18px;color:#ffffff;\">R&amp;D et fabrication<\/b><\/div><div class=\"themepark_icon_box_d\" style=\"font-size:14px;color:#ffffff;height:70px;\"><span>Fournir la production et le traitement des machines \u00e0 redresser automatiques<\/span><\/div><\/a><a class=\"themepark_icon_box  picmodle\"><div class=\"themepark_icon_box_i\"><div class=\"themepark_icon_box_i_out\"><img decoding=\"async\" src=\"https:\/\/www.ihengwang.com\/wp-content\/uploads\/2023\/07\/fuw_ico041.png\" alt=\"Software Development\" style=\"width:52px;\"\/><\/div><b style=\"font-size:18px;color:#ffffff;\">D\u00e9veloppement de logiciels<\/b><\/div><div class=\"themepark_icon_box_d\" style=\"font-size:14px;color:#ffffff;height:70px;\"><span>D\u00e9veloppement de logiciels pour la connexion de lignes de production automatis\u00e9es<\/span><\/div><\/a><a class=\"themepark_icon_box  picmodle\"><div class=\"themepark_icon_box_i\"><div class=\"themepark_icon_box_i_out\"><img decoding=\"async\" src=\"https:\/\/www.ihengwang.com\/wp-content\/uploads\/2023\/07\/fuw_ico051.png\" alt=\"Technical training\" style=\"width:52px;\"\/><\/div><b style=\"font-size:18px;color:#ffffff;\">Formation technique<\/b><\/div><div class=\"themepark_icon_box_d\" style=\"font-size:14px;color:#ffffff;height:70px;\"><span>Fournir une formation \u00e0 la technologie et au fonctionnement des machines de redressage automatique<\/span><\/div><\/a><a class=\"themepark_icon_box  picmodle\"><div class=\"themepark_icon_box_i\"><div class=\"themepark_icon_box_i_out\"><img decoding=\"async\" src=\"https:\/\/www.ihengwang.com\/wp-content\/uploads\/2023\/07\/p8.png\" alt=\"Project Delivery\" style=\"width:52px;\"\/><\/div><b style=\"font-size:18px;color:#ffffff;\">Ex\u00e9cution du projet<\/b><\/div><div class=\"themepark_icon_box_d\" style=\"font-size:14px;color:#ffffff;height:70px;\"><span>D\u00e9ploiement et fonctionnement du d\u00e9bogage des fonctions<\/span><\/div><\/a><a class=\"themepark_icon_box  picmodle\"><div class=\"themepark_icon_box_i\"><div class=\"themepark_icon_box_i_out\"><img decoding=\"async\" src=\"https:\/\/www.ihengwang.com\/wp-content\/uploads\/2023\/07\/fuw_ico061.png\" alt=\"Upgrade Optimization\" style=\"width:52px;\"\/><\/div><b style=\"font-size:18px;color:#ffffff;\">Optimisation de la mise \u00e0 niveau<\/b><\/div><div class=\"themepark_icon_box_d\" style=\"font-size:14px;color:#ffffff;height:70px;\"><span>Am\u00e9lioration et optimisation r\u00e9guli\u00e8res du syst\u00e8me ferm\u00e9 de Yuju<\/span><\/div><\/a><\/div><\/div><\/section>\n<\/div>\n<\/div><div class=\"layout_badh\"><div class=\"PcOnly themepark-block_layout_ba lazyload swiper-lazy\" style=\"background-repeat:no-repeat;background-size:cover;background-attachment:fixed;background-position:center;\" data-background=\"https:\/\/www.ihengwang.com\/wp-content\/uploads\/2023\/07\/dingzhibeijing.jpg\"><\/div><div class=\"MovePnly themepark-block_layout_ba lazyload swiper-move-lazy\" style=\"background-repeat:no-repeat;background-size:cover;background-attachment:fixed;background-position:center;\" data-background=\"https:\/\/www.ihengwang.com\/wp-content\/uploads\/2023\/07\/768dingzhi.jpg\"><\/div><\/div><\/section>\n\n\n\n<section class=\"wp-block-themepark-block-themepark-area block_layout thempark-block undefined\" id=\"\" style=\"\" data-swiper-parallax=\"-700\"><div class=\"block_layout_in\" style=\"\">\n<div class=\"wp-block-column block_layout_in\">\n<section class=\"wp-block-themepark-block-themepark-area block_layout thempark-block undefined\" id=\"\" style=\"padding-bottom:20px;padding-top:20px;\" data-swiper-parallax=\"-700\"><div class=\"block_layout_in\" style=\"\">\n<div class=\"wp-block-column block_layout_in\">\n<h2 class=\"wp-block-heading has-text-align-center\" style=\"font-size:30px\"><strong>Notre r\u00e9seau de services<\/strong><\/h2>\n\n\n\n<p class=\"has-text-align-center\"><\/p>\n\n\n\n<p><\/p>\n\n\n\n<div style=\"height:20px\" aria-hidden=\"true\" class=\"wp-block-spacer\"><\/div>\n\n\n\n<section class=\"wp-block-themepark-block-themepark-imgtext thempark-block themepark_imgtext padingmodle leftright moveupd  undefined\" style=\"padding-bottom:20px;padding-top:40px;\"><div class=\"themepark_imgtext_img\" style=\"width:46%;\" data-swiper-parallax=\"-1800\"><img class=\"lazyload  swiper-lazy swiper-move-lazy\" style=\"\" data-src=\"https:\/\/www.ihengwang.com\/wp-content\/uploads\/2023\/07\/\u56fd\u9645\u5e02\u573a.png\" alt=\"\u56fd\u9645\u5e02\u573a\"\/><\/div><div class=\"themepark_imgtext_text\" style=\"width:51%;padding-left:40px;padding-right:20px;\" data-swiper-parallax=\"-1600\">\n<div class=\"wp-block-column\">\n<p class=\"has-black-color has-text-color has-medium-font-size\"><strong>March\u00e9 international<\/strong><\/p>\n\n\n\n<div class=\"wp-block-themepark-block-themepark-wright content-super-p\" style=\"font-size:16px;line-height:33px;padding:10px 0px;\">\n<div class=\"wp-block-column\">\n<p>En tant que filiale de la soci\u00e9t\u00e9 cot\u00e9e en bourse Jizhi Group (code boursier : 300553), les machines \u00e0 redresser Hangzhou Yuju et les machines d'\u00e9quilibrage dynamique Jizhi ont \u00e9t\u00e9 vendues dans plus de dix pays, dont les \u00c9tats-Unis, le Mexique, le Br\u00e9sil, l'Argentine, l'Allemagne, la R\u00e9publique tch\u00e8que, la Hongrie, la Turquie, la Cor\u00e9e du Sud, le Vi\u00eat Nam, l'Inde, etc. L'entreprise est devenue le fournisseur privil\u00e9gi\u00e9 de machines \u00e0 redresser automatiques r\u00e9put\u00e9es dans le pays et \u00e0 l'\u00e9tranger.<\/p>\n\n\n\n<p><strong>Planification de la vision<\/strong><\/p>\n\n\n\n<p><\/p>\n\n\n\n<p>Bureau au Vietnam<\/p>\n\n\n\n<p>Centre de R&amp;D \u00e0 Stuttgart, Allemagne<\/p>\n\n\n\n<p>Usine \u00e0 Pune, Inde<\/p>\n<\/div>\n<\/div>\n<\/div>\n<\/div><div class=\"themepark_imgtext_ba\" style=\"background-color:#ffffff;opacity:1;\"><\/div><\/section>\n\n\n\n<div style=\"height:20px\" aria-hidden=\"true\" class=\"wp-block-spacer\"><\/div>\n<\/div>\n<\/div><div class=\"layout_badh\"><\/div><\/section>\n<\/div>\n<\/div><div class=\"layout_badh\"><\/div><\/section>","protected":false},"excerpt":{"rendered":"","protected":false},"author":1,"featured_media":0,"parent":0,"menu_order":0,"comment_status":"closed","ping_status":"closed","template":"","meta":{"themepark_post_bcolor":"#f5f5f5","themepark_post_width":"100%","themepark_post_img":"","themepark_post_img_po":"left","themepark_post_img_re":false,"themepark_post_img_cover":false,"themepark_post_img_fixed":false,"themepark_post_hide_title":true,"themepark_post_main_b":"","themepark_post_main_p":100,"themepark_paddingblock":true,"footnotes":""},"class_list":["post-855","page","type-page","status-publish","hentry"],"_links":{"self":[{"href":"https:\/\/www.auto-straightener.com\/fr\/wp-json\/wp\/v2\/pages\/855","targetHints":{"allow":["GET"]}}],"collection":[{"href":"https:\/\/www.auto-straightener.com\/fr\/wp-json\/wp\/v2\/pages"}],"about":[{"href":"https:\/\/www.auto-straightener.com\/fr\/wp-json\/wp\/v2\/types\/page"}],"author":[{"embeddable":true,"href":"https:\/\/www.auto-straightener.com\/fr\/wp-json\/wp\/v2\/users\/1"}],"replies":[{"embeddable":true,"href":"https:\/\/www.auto-straightener.com\/fr\/wp-json\/wp\/v2\/comments?post=855"}],"version-history":[{"count":7,"href":"https:\/\/www.auto-straightener.com\/fr\/wp-json\/wp\/v2\/pages\/855\/revisions"}],"predecessor-version":[{"id":1279,"href":"https:\/\/www.auto-straightener.com\/fr\/wp-json\/wp\/v2\/pages\/855\/revisions\/1279"}],"wp:attachment":[{"href":"https:\/\/www.auto-straightener.com\/fr\/wp-json\/wp\/v2\/media?parent=855"}],"curies":[{"name":"wp","href":"https:\/\/api.w.org\/{rel}","templated":true}]}}