{"id":736,"date":"2024-06-28T13:24:30","date_gmt":"2024-06-28T05:24:30","guid":{"rendered":"http:\/\/60.247.155.64:90\/?page_id=736"},"modified":"2024-10-10T11:01:45","modified_gmt":"2024-10-10T03:01:45","slug":"core","status":"publish","type":"page","link":"https:\/\/www.auto-straightener.com\/it\/core.html","title":{"rendered":"Tecnologia di base"},"content":{"rendered":"<section class=\"wp-block-themepark-block-themepark-area block_layout thempark-block undefined bom50 top50\" id=\"\" style=\"padding-top:113px;height:400px;box-sizing: border-box;width: 100%;\" data-swiper-parallax=\"-700\"><div class=\"block_layout_in\" style=\"\">\n<div class=\"wp-block-column block_layout_in\">\n<h1 class=\"wp-block-heading has-text-align-center has-monte-white-color has-text-color has-bonkers-font-size\">Sistema di controllo ad anello chiuso<\/h1>\n\n\n\n<p class=\"has-text-align-center\">Alta precisione, alta efficienza,<\/p>\n\n\n\n<p class=\"has-text-align-center\">ampiamente utilizzato nei sistemi di controllo di vari alberi, cremagliere e prodotti ad asta<\/p>\n\n\n\n<p class=\"has-text-align-center has-monte-white-color has-text-color has-link-color has-medium-font-size wp-elements-ae1468a8d8abf2764eab555554f475ea\"><\/p>\n<\/div>\n<\/div><div class=\"layout_badh\"><div class=\"shizhezhao\" style=\"opacity:0.25;background-color:#000000;\"><\/div><div class=\"PcOnly themepark-block_layout_ba lazyload swiper-lazy\" style=\"background-repeat:no-repeat;background-size:cover;background-position:center;\" data-background=\"https:\/\/www.auto-straightener.com\/wp-content\/uploads\/2024\/10\/\u9996\u9875\u80cc\u666f-3-1.jpg\"><\/div><div class=\"MovePnly themepark-block_layout_ba lazyload swiper-move-lazy\" style=\"background-repeat:no-repeat;background-size:cover;background-position:center;\" data-background=\"https:\/\/www.auto-straightener.com\/wp-content\/uploads\/2024\/10\/app-02.jpg\"><\/div><\/div><\/section>\n\n\n\n<section class=\"wp-block-themepark-block-themepark-imgtext thempark-block themepark_imgtext moveupd  undefined jiaocuo nohover\" style=\"padding-top:20px;\"><div class=\"themepark_imgtext_img\" style=\"\" data-swiper-parallax=\"-1800\"><img class=\"lazyload  swiper-lazy swiper-move-lazy\" style=\"max-width:152%;\" data-src=\"https:\/\/www.auto-straightener.com\/wp-content\/uploads\/2024\/07\/qiche.jpg\" alt=\"\u5168\u81ea\u52a8\u6821\u76f4\u673a\"\/><\/div><div class=\"themepark_imgtext_text\" style=\"\" data-swiper-parallax=\"-1600\">\n<div class=\"wp-block-column\">\n<div class=\"wp-block-themepark-block-themepark-xian theme_fang_out\" style=\"text-align:left;padding-top:78px;\"><div class=\"fangbox\" style=\"width:undefinedpx;\"><\/div><\/div>\n\n\n\n<div class=\"wp-block-themepark-block-themepark-wright content-super-p\" style=\"font-size:16px;line-height:28px;color:#666666;background-color:#fffffff0;padding:40px 20px;\">\n<div class=\"wp-block-column\">\n<p><\/p>\n\n\n\n<h2 class=\"wp-block-heading\" style=\"font-size:38px\">Sistema ad anello chiuso sviluppato in proprio<\/h2>\n\n\n\n<p class=\"has-text-align-left has-monte-grey-color has-text-color has-link-color wp-elements-eb83799e4df31692c9eee1bc67ea9a1c\" style=\"text-transform:uppercase\"><\/p>\n\n\n\n<p>Dopo anni di ricerca e sviluppo, ha sviluppato un sistema di controllo ad alta precisione ed efficienza con diritti di propriet\u00e0 intellettuale indipendenti, ampiamente applicabile a vari tipi di alberi, cremagliere e prodotti ad asta.<\/p>\n\n\n\n<p class=\"has-normal-font-size\">Attualmente, i principali produttori internazionali di raddrizzatrici, come MAE, Godabini e altri produttori stranieri, utilizzano tutti sistemi di controllo basati su questo principio di raddrizzamento. Sulla base dell'esperienza tecnica estera avanzata e in combinazione con le caratteristiche del prodotto nazionale esistente, Hangzhou Yuju Intelligent Equipment Co., Ltd. ha impiegato due anni per sviluppare un sistema di controllo ad alta precisione e ad alta efficienza con diritti di propriet\u00e0 intellettuale indipendenti, che \u00e8 ampiamente applicabile a migliaia di alberi, cremagliere e prodotti a stelo.<\/p>\n<\/div>\n<\/div>\n\n\n\n<p><\/p>\n<\/div>\n<\/div><div class=\"themepark_imgtext_ba\" style=\"opacity:1;\"><\/div><\/section>\n\n\n\n<section class=\"wp-block-themepark-block-themepark-area block_layout thempark-block undefined\" id=\"\" style=\"padding-bottom:20px;padding-top:20px;\" data-swiper-parallax=\"-700\"><div class=\"block_layout_in\" style=\"\">\n<div class=\"wp-block-column block_layout_in\">\n<section class=\"wp-block-themepark-block-themepark-imgtext thempark-block themepark_imgtext padingmodle moveupd  undefined\" style=\"padding-bottom:20px;padding-top:20px;\"><div class=\"themepark_imgtext_img\" style=\"width:29%;\" data-swiper-parallax=\"-1800\"><img class=\"lazyload  swiper-lazy swiper-move-lazy\" style=\"\" data-src=\"https:\/\/www.auto-straightener.com\/wp-content\/uploads\/2024\/06\/1.jpg\" alt=\"\u5168\u81ea\u52a8\u8f6c\u5b50\u6821\u76f4\u673a\"\/><\/div><div class=\"themepark_imgtext_text\" style=\"width:68%;padding-right:40px;\" data-swiper-parallax=\"-1600\">\n<div class=\"wp-block-column\">\n<div style=\"height:75px\" aria-hidden=\"true\" class=\"wp-block-spacer\"><\/div>\n\n\n\n<p class=\"has-medium-font-size\"><\/p>\n\n\n\n<p class=\"has-black-color has-text-color has-large-font-size\"><strong>Alto tasso di raddrizzamento una tantum<\/strong><\/p>\n\n\n\n<div class=\"wp-block-themepark-block-themepark-wright content-super-p\" style=\"font-size:16px;line-height:33px;padding:10px 0px;\">\n<div class=\"wp-block-column\">\n<p class=\"has-monte-blue-color has-text-color\"><\/p>\n\n\n\n<p class=\"has-monte-grey-color has-text-color\">Monitorare lo stato di deformazione del prodotto in tempo reale e catturare con attenzione la deformazione in tempo reale del prodotto corrente durante un processo di correzione, in modo che la maggior parte dei prodotti abbia un tasso di correzione superiore a 90%. Ci\u00f2 migliora notevolmente l'efficienza produttiva del prodotto, evita potenziali danni al prodotto dovuti a correzioni ripetute e migliora la qualit\u00e0 del prodotto.<\/p>\n\n\n\n<p><\/p>\n<\/div>\n<\/div>\n<\/div>\n<\/div><div class=\"themepark_imgtext_ba\" style=\"background-color:#ffffff;opacity:1;\"><\/div><\/section>\n\n\n\n<div style=\"height:20px\" aria-hidden=\"true\" class=\"wp-block-spacer\"><\/div>\n\n\n\n<section class=\"wp-block-themepark-block-themepark-imgtext thempark-block themepark_imgtext padingmodle leftright moveupd  undefined\" style=\"padding-bottom:20px;padding-top:20px;\"><div class=\"themepark_imgtext_img\" style=\"width:29%;\" data-swiper-parallax=\"-1800\"><img class=\"lazyload  swiper-lazy swiper-move-lazy\" style=\"\" data-src=\"https:\/\/www.auto-straightener.com\/wp-content\/uploads\/2024\/07\/700-1.jpg\" alt=\"\u4e88\u741a\u81ea\u52a8\u6821\u76f4\u673a\"\/><\/div><div class=\"themepark_imgtext_text\" style=\"width:68%;padding-left:95px;padding-right:30px;\" data-swiper-parallax=\"-1600\">\n<div class=\"wp-block-column\">\n<div style=\"height:75px\" aria-hidden=\"true\" class=\"wp-block-spacer\"><\/div>\n\n\n\n<p class=\"has-medium-font-size\"><\/p>\n\n\n\n<p class=\"has-black-color has-text-color has-large-font-size\"><strong>Non \u00e8 necessario alcun intervento manuale per regolare i parametri<\/strong><\/p>\n\n\n\n<div class=\"wp-block-themepark-block-themepark-wright content-super-p\" style=\"font-size:16px;line-height:33px;padding:10px 0px;\">\n<div class=\"wp-block-column\">\n<p class=\"has-monte-blue-color has-text-color\"><\/p>\n\n\n\n<p class=\"has-monte-grey-color has-text-color\">Il sistema adotta un sistema di controllo completamente chiuso, con monitoraggio in tempo reale, che non richiede alcun intervento manuale durante il processo di raddrizzamento. Anche se la quantit\u00e0 e la forza di raddrizzamento sono diverse a causa delle differenze tra i prodotti stessi, il sistema \u00e8 in grado di identificarle e compensarle automaticamente e in modo sincrono, senza ulteriori interventi. Per le operazioni di cambio prodotto, \u00e8 sufficiente impostare i parametri di posizione meccanica di base del prodotto prima di procedere alla lavorazione e alla raddrizzatura, senza la necessit\u00e0 di regolare manualmente alcun parametro di carico, il che \u00e8 davvero completamente automatico.<\/p>\n<\/div>\n<\/div>\n<\/div>\n<\/div><div class=\"themepark_imgtext_ba\" style=\"background-color:#ffffff;opacity:1;\"><\/div><\/section>\n\n\n\n<div style=\"height:20px\" aria-hidden=\"true\" class=\"wp-block-spacer\"><\/div>\n\n\n\n<section class=\"wp-block-themepark-block-themepark-imgtext thempark-block themepark_imgtext padingmodle moveupd  undefined\" style=\"padding-bottom:20px;padding-top:20px;\"><div class=\"themepark_imgtext_img\" style=\"width:29%;\" data-swiper-parallax=\"-1800\"><img class=\"lazyload  swiper-lazy swiper-move-lazy\" style=\"\" data-src=\"https:\/\/www.auto-straightener.com\/wp-content\/uploads\/2024\/07\/700-2.jpg\" alt=\"\u4e88\u741a\u81ea\u52a8\u6821\u76f4\u673a\"\/><\/div><div class=\"themepark_imgtext_text\" style=\"width:68%;padding-right:50px;\" data-swiper-parallax=\"-1600\">\n<div class=\"wp-block-column\">\n<div style=\"height:75px\" aria-hidden=\"true\" class=\"wp-block-spacer\"><\/div>\n\n\n\n<p class=\"has-medium-font-size\"><\/p>\n\n\n\n<p class=\"has-black-color has-text-color has-large-font-size\"><strong>\u00c8 universalmente applicabile e versatile per tutti i tipi di alberi a gradini e pezzi di forma speciale.<\/strong><\/p>\n\n\n\n<div class=\"wp-block-themepark-block-themepark-wright content-super-p\" style=\"font-size:16px;line-height:33px;padding:10px 0px;\">\n<div class=\"wp-block-column\">\n<p class=\"has-monte-blue-color has-text-color\"><\/p>\n\n\n\n<p class=\"has-monte-grey-color has-text-color\">Il sistema \u00e8 universale e pu\u00f2 essere utilizzato per prodotti con diametri, forme, materiali anisotropi, ecc. diversi, difficili da raddrizzare con le apparecchiature tradizionali. Per qualsiasi prodotto, \u00e8 sufficiente configurare l'attrezzatura corrispondente e il processo di raddrizzamento pu\u00f2 essere eseguito dopo aver regolato la posizione geometrica appropriata. Non \u00e8 necessaria alcuna regolazione o intervento manuale per i parametri di correzione e pu\u00f2 essere utilizzato per qualsiasi prodotto. Un solo dispositivo pu\u00f2 risolvere il problema del raddrizzamento di pi\u00f9 prodotti.<\/p>\n<\/div>\n<\/div>\n<\/div>\n<\/div><div class=\"themepark_imgtext_ba\" style=\"background-color:#ffffff;opacity:1;\"><\/div><\/section>\n<\/div>\n<\/div><div class=\"layout_badh\"><\/div><\/section>","protected":false},"excerpt":{"rendered":"","protected":false},"author":1,"featured_media":0,"parent":0,"menu_order":0,"comment_status":"closed","ping_status":"closed","template":"","meta":{"themepark_post_bcolor":"#f5f5f5","themepark_post_width":"100%","themepark_post_img":"","themepark_post_img_po":"left","themepark_post_img_re":false,"themepark_post_img_cover":false,"themepark_post_img_fixed":false,"themepark_post_hide_title":true,"themepark_post_main_b":"","themepark_post_main_p":100,"themepark_paddingblock":true,"footnotes":""},"class_list":["post-736","page","type-page","status-publish","hentry"],"_links":{"self":[{"href":"https:\/\/www.auto-straightener.com\/it\/wp-json\/wp\/v2\/pages\/736","targetHints":{"allow":["GET"]}}],"collection":[{"href":"https:\/\/www.auto-straightener.com\/it\/wp-json\/wp\/v2\/pages"}],"about":[{"href":"https:\/\/www.auto-straightener.com\/it\/wp-json\/wp\/v2\/types\/page"}],"author":[{"embeddable":true,"href":"https:\/\/www.auto-straightener.com\/it\/wp-json\/wp\/v2\/users\/1"}],"replies":[{"embeddable":true,"href":"https:\/\/www.auto-straightener.com\/it\/wp-json\/wp\/v2\/comments?post=736"}],"version-history":[{"count":16,"href":"https:\/\/www.auto-straightener.com\/it\/wp-json\/wp\/v2\/pages\/736\/revisions"}],"predecessor-version":[{"id":1660,"href":"https:\/\/www.auto-straightener.com\/it\/wp-json\/wp\/v2\/pages\/736\/revisions\/1660"}],"wp:attachment":[{"href":"https:\/\/www.auto-straightener.com\/it\/wp-json\/wp\/v2\/media?parent=736"}],"curies":[{"name":"wp","href":"https:\/\/api.w.org\/{rel}","templated":true}]}}